{"id":420,"date":"2026-04-04T07:26:58","date_gmt":"2026-04-04T07:26:58","guid":{"rendered":"https:\/\/hac\u0131ortakmakine.com\/?page_id=420"},"modified":"2026-04-04T07:57:17","modified_gmt":"2026-04-04T07:57:17","slug":"4-sirali-patates-sokum-makinesi","status":"publish","type":"page","link":"https:\/\/hac\u0131ortakmakine.com\/?page_id=420","title":{"rendered":"4 S\u0131ral\u0131 Patates S\u00f6k\u00fcm Makinesi"},"content":{"rendered":"","protected":false},"excerpt":{"rendered":"","protected":false},"author":1,"featured_media":0,"parent":0,"menu_order":0,"comment_status":"closed","ping_status":"closed","template":"kubio-full-width","meta":{"saved_in_kubio":false,"_uf_show_specific_survey":0,"_uf_disable_surveys":false,"footnotes":""},"class_list":["post-420","page","type-page","status-publish","hentry"],"aioseo_notices":[],"kubio_ai_page_context":{"short_desc":"","purpose":"general"},"_links":{"self":[{"href":"https:\/\/hac\u0131ortakmakine.com\/index.php?rest_route=\/wp\/v2\/pages\/420","targetHints":{"allow":["GET"]}}],"collection":[{"href":"https:\/\/hac\u0131ortakmakine.com\/index.php?rest_route=\/wp\/v2\/pages"}],"about":[{"href":"https:\/\/hac\u0131ortakmakine.com\/index.php?rest_route=\/wp\/v2\/types\/page"}],"author":[{"embeddable":true,"href":"https:\/\/hac\u0131ortakmakine.com\/index.php?rest_route=\/wp\/v2\/users\/1"}],"replies":[{"embeddable":true,"href":"https:\/\/hac\u0131ortakmakine.com\/index.php?rest_route=%2Fwp%2Fv2%2Fcomments&post=420"}],"version-history":[{"count":5,"href":"https:\/\/hac\u0131ortakmakine.com\/index.php?rest_route=\/wp\/v2\/pages\/420\/revisions"}],"predecessor-version":[{"id":507,"href":"https:\/\/hac\u0131ortakmakine.com\/index.php?rest_route=\/wp\/v2\/pages\/420\/revisions\/507"}],"wp:attachment":[{"href":"https:\/\/hac\u0131ortakmakine.com\/index.php?rest_route=%2Fwp%2Fv2%2Fmedia&parent=420"}],"curies":[{"name":"wp","href":"https:\/\/api.w.org\/{rel}","templated":true}]}}